{"id":1044,"date":"2018-06-13T21:19:39","date_gmt":"2018-06-13T19:19:39","guid":{"rendered":"http:\/\/fortbildung.osz-farbtechnik.de\/?page_id=1044"},"modified":"2019-11-14T00:37:50","modified_gmt":"2019-11-13T22:37:50","slug":"datenschutzerklaerung","status":"publish","type":"page","link":"https:\/\/schuelerzeitung.wilhelm-ostwald-schule.de\/?page_id=1044","title":{"rendered":"Datenschutzerkl\u00e4rung"},"content":{"rendered":"<h2>Wer wir sind<\/h2>\n<p>Wir sind ein Zusammenschluss von Sch\u00fclerinnen und Sch\u00fclern an der Wilhelm-Ostwald-Schule, die sich das Ziel gesetzt haben, an unserer Schule eine &#8222;Sch\u00fclerzeitung&#8220; ins Leben zu rufen und diese auch dauerhaft zu etablieren.<\/p>\n<p>Die Adresse unserer Schule:<\/p>\n<p>Wilhelm-Ostwald-Schule, Immenweg 6, 12169 Berlin<\/p>\n<p>Wir sind per Mail oder im Raum der Sch\u00fclervertretung erreichbar. schuelerzeitung@wilhelm-ostwald-schule.de<\/p>\n<p>Die Adresse unserer Website ist:<\/p>\n<p>https:\/\/schuelerzeitung.wilhelm-ostwald-schule.de<\/p>\n<p>Auch f\u00fcr unsere Website gilt die Datenschutzerkl\u00e4rung der Wilhelm-Ostwald-Schule: <a href=\"https:\/\/wilhelm-ostwald-schule.de\/index.php\/datenschutzerklaerung\">Datenschutzerkl\u00e4rung aufrufen<\/a><\/p>\n","protected":false},"excerpt":{"rendered":"<p>Wer wir sind Wir sind ein Zusammenschluss von Sch\u00fclerinnen und Sch\u00fclern an der Wilhelm-Ostwald-Schule, die sich das Ziel gesetzt haben, an unserer Schule eine &#8222;Sch\u00fclerzeitung&#8220; ins Leben zu rufen und diese auch dauerhaft zu etablieren. Die Adresse unserer Schule: Wilhelm-Ostwald-Schule, Immenweg 6, 12169 Berlin Wir sind per Mail oder im Raum der Sch\u00fclervertretung erreichbar. schuelerzeitung@wilhelm-ostwald-schule.de Die Adresse unserer Website ist: https:\/\/schuelerzeitung.wilhelm-ostwald-schule.de Auch f\u00fcr unsere Website gilt die Datenschutzerkl\u00e4rung der Wilhelm-Ostwald-Schule: Datenschutzerkl\u00e4rung aufrufen<\/p>\n","protected":false},"author":2,"featured_media":0,"parent":0,"menu_order":0,"comment_status":"closed","ping_status":"closed","template":"","meta":[],"_links":{"self":[{"href":"https:\/\/schuelerzeitung.wilhelm-ostwald-schule.de\/index.php?rest_route=\/wp\/v2\/pages\/1044"}],"collection":[{"href":"https:\/\/schuelerzeitung.wilhelm-ostwald-schule.de\/index.php?rest_route=\/wp\/v2\/pages"}],"about":[{"href":"https:\/\/schuelerzeitung.wilhelm-ostwald-schule.de\/index.php?rest_route=\/wp\/v2\/types\/page"}],"author":[{"embeddable":true,"href":"https:\/\/schuelerzeitung.wilhelm-ostwald-schule.de\/index.php?rest_route=\/wp\/v2\/users\/2"}],"replies":[{"embeddable":true,"href":"https:\/\/schuelerzeitung.wilhelm-ostwald-schule.de\/index.php?rest_route=%2Fwp%2Fv2%2Fcomments&post=1044"}],"version-history":[{"count":8,"href":"https:\/\/schuelerzeitung.wilhelm-ostwald-schule.de\/index.php?rest_route=\/wp\/v2\/pages\/1044\/revisions"}],"predecessor-version":[{"id":1201,"href":"https:\/\/schuelerzeitung.wilhelm-ostwald-schule.de\/index.php?rest_route=\/wp\/v2\/pages\/1044\/revisions\/1201"}],"wp:attachment":[{"href":"https:\/\/schuelerzeitung.wilhelm-ostwald-schule.de\/index.php?rest_route=%2Fwp%2Fv2%2Fmedia&parent=1044"}],"curies":[{"name":"wp","href":"https:\/\/api.w.org\/{rel}","templated":true}]}}